{"id":82451,"date":"2023-07-18T11:41:52","date_gmt":"2023-07-18T09:41:52","guid":{"rendered":"http:\/\/dev.typodrom-digital.de\/borco2023\/company-information\/"},"modified":"2023-07-24T10:44:25","modified_gmt":"2023-07-24T08:44:25","slug":"company-information","status":"publish","type":"page","link":"https:\/\/borco.de\/en\/company-information\/","title":{"rendered":"Company information"},"content":{"rendered":"\t\t<div data-elementor-type=\"wp-page\" data-elementor-id=\"82451\" class=\"elementor elementor-82451 elementor-82105\" data-elementor-post-type=\"page\">\n\t\t\t\t\t\t<section class=\"elementor-section elementor-top-section elementor-element elementor-element-4b9986ff elementor-section-height-min-height elementor-section-items-bottom elementor-section-boxed elementor-section-height-default\" data-id=\"4b9986ff\" data-element_type=\"section\" data-e-type=\"section\" data-settings=\"{&quot;background_background&quot;:&quot;classic&quot;}\">\n\t\t\t\t\t\t\t<div class=\"elementor-background-overlay\"><\/div>\n\t\t\t\t\t\t\t<div class=\"elementor-container elementor-column-gap-wide\">\n\t\t\t\t\t<div class=\"elementor-column elementor-col-100 elementor-top-column elementor-element elementor-element-5e975861\" data-id=\"5e975861\" data-element_type=\"column\" data-e-type=\"column\">\n\t\t\t<div class=\"elementor-widget-wrap elementor-element-populated\">\n\t\t\t\t\t\t<div class=\"elementor-element elementor-element-21d309b0 elementor-widget elementor-widget-heading\" data-id=\"21d309b0\" data-element_type=\"widget\" data-e-type=\"widget\" data-widget_type=\"heading.default\">\n\t\t\t\t<div class=\"elementor-widget-container\">\n\t\t\t\t\t<h1 class=\"elementor-heading-title elementor-size-default\">Company information<\/h1>\t\t\t\t<\/div>\n\t\t\t\t<\/div>\n\t\t\t\t<div class=\"elementor-element elementor-element-e30a623 elementor-widget elementor-widget-heading\" data-id=\"e30a623\" data-element_type=\"widget\" data-e-type=\"widget\" data-widget_type=\"heading.default\">\n\t\t\t\t<div class=\"elementor-widget-container\">\n\t\t\t\t\t<h4 class=\"elementor-heading-title elementor-size-default\">BORCO H\u00d6HNS fact sheet for downloading<\/h4>\t\t\t\t<\/div>\n\t\t\t\t<\/div>\n\t\t\t\t<div class=\"elementor-element elementor-element-20b84f19 elementor-widget elementor-widget-borco_scroll_effect\" data-id=\"20b84f19\" data-element_type=\"widget\" data-e-type=\"widget\" data-widget_type=\"borco_scroll_effect.default\">\n\t\t\t\t<div class=\"elementor-widget-container\">\n\t\t\t\t\t\t\t<div class=\"borco-scroller\">\r\n\t\t\t<div class=\"scroller-track\"><\/div>\r\n\t\t\t<div class=\"scroller-thumb\"><\/div>\r\n\t\t<\/div>\r\n\t\t\t\t\t\t<\/div>\n\t\t\t\t<\/div>\n\t\t\t\t\t<\/div>\n\t\t<\/div>\n\t\t\t\t\t<\/div>\n\t\t<\/section>\n\t\t\t\t<section class=\"elementor-section elementor-top-section elementor-element elementor-element-49c87631 elementor-section-boxed elementor-section-height-default elementor-section-height-default\" data-id=\"49c87631\" data-element_type=\"section\" data-e-type=\"section\">\n\t\t\t\t\t\t<div class=\"elementor-container elementor-column-gap-wide\">\n\t\t\t\t\t<div class=\"elementor-column elementor-col-100 elementor-top-column elementor-element elementor-element-55c5e1c3\" data-id=\"55c5e1c3\" data-element_type=\"column\" data-e-type=\"column\">\n\t\t\t<div class=\"elementor-widget-wrap elementor-element-populated\">\n\t\t\t\t\t\t<div class=\"elementor-element elementor-element-3ebe2b5d elementor-widget elementor-widget-heading\" data-id=\"3ebe2b5d\" data-element_type=\"widget\" data-e-type=\"widget\" data-widget_type=\"heading.default\">\n\t\t\t\t<div class=\"elementor-widget-container\">\n\t\t\t\t\t<h3 class=\"elementor-heading-title elementor-size-default\">About BORCO H\u00d6HNS<\/h3>\t\t\t\t<\/div>\n\t\t\t\t<\/div>\n\t\t\t\t<div class=\"elementor-element elementor-element-169b4184 elementor-widget__width-initial elementor-widget elementor-widget-text-editor\" data-id=\"169b4184\" data-element_type=\"widget\" data-e-type=\"widget\" data-widget_type=\"text-editor.default\">\n\t\t\t\t<div class=\"elementor-widget-container\">\n\t\t\t\t\t\t\t\t\t<p>Founded in 1954 as a factory for agricultural and car trailers, BORCO H\u00d6HNS is today the undisputed market leader in mobile sales in Germany. Our sales vehicles and trailers are completely designed and manufactured in our own vehicle factory at the Rotenburg an der W\u00fcmme headquarters.<\/p>\n<p>After refurbishment in spring 2019, BORCO H\u00d6HNS is now equipped, both financially and managerially, to sustainably expand the business and its position as market leader and innovation driver. The period of pandemic-related furlough in spring 2020 was used for further training, investment and maintenance work. The equity ratio remains above 50%. With more than 240 employees working for BORCO H\u00d6HNS, the company generated an average annual turnover of over \u20ac30 million in recent years.<\/p>\n<p>Comprehensive quality controls and extensive tests ensure reliability, top functionality and lasting value. Every sales vehicle from BORCO H\u00d6HNS is therefore a worthwhile investment \u2013 no matter whether it\u2019s an entry-level vehicle or a high-quality individual model. More than 10,000 customers \u2013 from traditional family-run companies to the young food truckers \u2013 trust in the quality and innovative power of the industry leader.<\/p>\n\t\t\t\t\t\t\t\t<\/div>\n\t\t\t\t<\/div>\n\t\t\t\t<div class=\"elementor-element elementor-element-5f7c10b elementor-widget elementor-widget-heading\" data-id=\"5f7c10b\" data-element_type=\"widget\" data-e-type=\"widget\" data-widget_type=\"heading.default\">\n\t\t\t\t<div class=\"elementor-widget-container\">\n\t\t\t\t\t<h3 class=\"elementor-heading-title elementor-size-default\">Facts and figures<\/h3>\t\t\t\t<\/div>\n\t\t\t\t<\/div>\n\t\t\t\t<div class=\"elementor-element elementor-element-a425209 elementor-widget__width-initial elementor-widget elementor-widget-text-editor\" data-id=\"a425209\" data-element_type=\"widget\" data-e-type=\"widget\" data-widget_type=\"text-editor.default\">\n\t\t\t\t<div class=\"elementor-widget-container\">\n\t\t\t\t\t\t\t\t\t<p>Established: 1954<\/p>\n<p>Managing director: Gerrit Volger, Klaus Meyer<\/p>\n<p>Headquarters: Rotenburg (W\u00fcmme)<\/p>\n<p>Company premises: approx. 40,000 square metres<\/p>\n<p>Employees: 240*<\/p>\n<p>Vehicles sold in 2021: approx. 370 (new and second-hand)<\/p>\n<p>Turnover in 2021: approx. \u20ac40 million<\/p>\n<p>*August 2022<\/p>\n\t\t\t\t\t\t\t\t<\/div>\n\t\t\t\t<\/div>\n\t\t\t\t<div class=\"elementor-element elementor-element-052f6c1 elementor-widget elementor-widget-button\" data-id=\"052f6c1\" data-element_type=\"widget\" data-e-type=\"widget\" data-widget_type=\"button.default\">\n\t\t\t\t<div class=\"elementor-widget-container\">\n\t\t\t\t\t\t\t\t\t<div class=\"elementor-button-wrapper\">\n\t\t\t\t\t<a class=\"elementor-button elementor-button-link elementor-size-sm\" href=\"https:\/\/borco.de\/wp-content\/uploads\/2023\/04\/BORCOHOEHNS-Factsheet-Unternehmensinfos_2023.pdf\">\n\t\t\t\t\t\t<span class=\"elementor-button-content-wrapper\">\n\t\t\t\t\t\t<span class=\"elementor-button-icon\">\n\t\t\t\t<svg xmlns=\"http:\/\/www.w3.org\/2000\/svg\" viewBox=\"0 0 24 24\"><path d=\"M19.371 7.482c-.158.034-.372.192-.516.381-.139.182-.172.469-.075.66.038.076.647.717 1.353 1.426l1.284 1.29-10.478.01L.46 11.26l-.151.094c-.219.136-.287.289-.288.646-.001.351.08.529.3.659.139.081.168.081 10.609.101l10.47.02L20.176 14c-.674.671-1.277 1.3-1.34 1.398-.202.31-.14.619.184.918.211.195.419.259.641.2.135-.036.451-.334 2.079-1.955 1.056-1.051 1.96-1.932 2.01-1.958a.536.536 0 0 0 .17-.203c.163-.319.067-.882-.17-1.003-.05-.026-.954-.907-2.01-1.959-1.423-1.417-1.951-1.919-2.04-1.938l-.16-.037a.598.598 0 0 0-.169.019\" fill-rule=\"evenodd\"><\/path><\/svg>\t\t\t<\/span>\n\t\t\t\t\t\t\t\t\t<span class=\"elementor-button-text\">Download BORCO H\u00d6HNS FACT SHEET as a PDF (german)<\/span>\n\t\t\t\t\t<\/span>\n\t\t\t\t\t<\/a>\n\t\t\t\t<\/div>\n\t\t\t\t\t\t\t\t<\/div>\n\t\t\t\t<\/div>\n\t\t\t\t\t<\/div>\n\t\t<\/div>\n\t\t\t\t\t<\/div>\n\t\t<\/section>\n\t\t\t\t<\/div>\n\t\t","protected":false},"excerpt":{"rendered":"<p>Company information BORCO H\u00d6HNS fact sheet for downloading About BORCO H\u00d6HNS Founded in 1954 as a factory for agricultural and car trailers, BORCO H\u00d6HNS is today the undisputed market leader in mobile sales in Germany. Our sales vehicles and trailers are completely designed and manufactured in our own vehicle factory at the Rotenburg an der [&hellip;]<\/p>\n","protected":false},"author":1,"featured_media":37828,"parent":0,"menu_order":0,"comment_status":"closed","ping_status":"closed","template":"","meta":{"footnotes":""},"class_list":["post-82451","page","type-page","status-publish","has-post-thumbnail","hentry"],"yoast_head":"<!-- This site is optimized with the Yoast SEO plugin v27.2 - https:\/\/yoast.com\/product\/yoast-seo-wordpress\/ -->\n<title>Company information - BORCO H\u00d6HNS GmbH<\/title>\n<meta name=\"robots\" content=\"index, follow, max-snippet:-1, max-image-preview:large, max-video-preview:-1\" \/>\n<link rel=\"canonical\" href=\"https:\/\/borco.de\/en\/company-information\/\" \/>\n<meta property=\"og:locale\" content=\"en_US\" \/>\n<meta property=\"og:type\" content=\"article\" \/>\n<meta property=\"og:title\" content=\"Company information - BORCO H\u00d6HNS GmbH\" \/>\n<meta property=\"og:description\" content=\"Company information BORCO H\u00d6HNS fact sheet for downloading About BORCO H\u00d6HNS Founded in 1954 as a factory for agricultural and car trailers, BORCO H\u00d6HNS is today the undisputed market leader in mobile sales in Germany. Our sales vehicles and trailers are completely designed and manufactured in our own vehicle factory at the Rotenburg an der [&hellip;]\" \/>\n<meta property=\"og:url\" content=\"https:\/\/borco.de\/en\/company-information\/\" \/>\n<meta property=\"og:site_name\" content=\"BORCO H\u00d6HNS GmbH\" \/>\n<meta property=\"article:publisher\" content=\"https:\/\/www.facebook.com\/borcohoehns\" \/>\n<meta property=\"article:modified_time\" content=\"2023-07-24T08:44:25+00:00\" \/>\n<meta property=\"og:image\" content=\"https:\/\/borco.de\/wp-content\/uploads\/2023\/04\/Individual_Gefluegel_1920x1080.jpg\" \/>\n\t<meta property=\"og:image:width\" content=\"1920\" \/>\n\t<meta property=\"og:image:height\" content=\"1080\" \/>\n\t<meta property=\"og:image:type\" content=\"image\/jpeg\" \/>\n<meta name=\"twitter:card\" content=\"summary_large_image\" \/>\n<meta name=\"twitter:label1\" content=\"Est. reading time\" \/>\n\t<meta name=\"twitter:data1\" content=\"1 minute\" \/>\n<script type=\"application\/ld+json\" class=\"yoast-schema-graph\">{\"@context\":\"https:\/\/schema.org\",\"@graph\":[{\"@type\":\"WebPage\",\"@id\":\"https:\/\/borco.de\/en\/company-information\/\",\"url\":\"https:\/\/borco.de\/en\/company-information\/\",\"name\":\"Company information - BORCO H\u00d6HNS GmbH\",\"isPartOf\":{\"@id\":\"https:\/\/borco.de\/en\/#website\"},\"primaryImageOfPage\":{\"@id\":\"https:\/\/borco.de\/en\/company-information\/#primaryimage\"},\"image\":{\"@id\":\"https:\/\/borco.de\/en\/company-information\/#primaryimage\"},\"thumbnailUrl\":\"https:\/\/borco.de\/wp-content\/uploads\/2023\/04\/Individual_Gefluegel_1920x1080.jpg\",\"datePublished\":\"2023-07-18T09:41:52+00:00\",\"dateModified\":\"2023-07-24T08:44:25+00:00\",\"breadcrumb\":{\"@id\":\"https:\/\/borco.de\/en\/company-information\/#breadcrumb\"},\"inLanguage\":\"en-US\",\"potentialAction\":[{\"@type\":\"ReadAction\",\"target\":[\"https:\/\/borco.de\/en\/company-information\/\"]}]},{\"@type\":\"ImageObject\",\"inLanguage\":\"en-US\",\"@id\":\"https:\/\/borco.de\/en\/company-information\/#primaryimage\",\"url\":\"https:\/\/borco.de\/wp-content\/uploads\/2023\/04\/Individual_Gefluegel_1920x1080.jpg\",\"contentUrl\":\"https:\/\/borco.de\/wp-content\/uploads\/2023\/04\/Individual_Gefluegel_1920x1080.jpg\",\"width\":1920,\"height\":1080},{\"@type\":\"BreadcrumbList\",\"@id\":\"https:\/\/borco.de\/en\/company-information\/#breadcrumb\",\"itemListElement\":[{\"@type\":\"ListItem\",\"position\":1,\"name\":\"Home\",\"item\":\"https:\/\/borco.de\/en\/homepage\/\"},{\"@type\":\"ListItem\",\"position\":2,\"name\":\"Company information\"}]},{\"@type\":\"WebSite\",\"@id\":\"https:\/\/borco.de\/en\/#website\",\"url\":\"https:\/\/borco.de\/en\/\",\"name\":\"BORCO H\u00d6HNS GmbH\",\"description\":\"\",\"publisher\":{\"@id\":\"https:\/\/borco.de\/en\/#organization\"},\"potentialAction\":[{\"@type\":\"SearchAction\",\"target\":{\"@type\":\"EntryPoint\",\"urlTemplate\":\"https:\/\/borco.de\/en\/?s={search_term_string}\"},\"query-input\":{\"@type\":\"PropertyValueSpecification\",\"valueRequired\":true,\"valueName\":\"search_term_string\"}}],\"inLanguage\":\"en-US\"},{\"@type\":\"Organization\",\"@id\":\"https:\/\/borco.de\/en\/#organization\",\"name\":\"BORCO H\u00d6HNS GmbH\",\"url\":\"https:\/\/borco.de\/en\/\",\"logo\":{\"@type\":\"ImageObject\",\"inLanguage\":\"en-US\",\"@id\":\"https:\/\/borco.de\/en\/#\/schema\/logo\/image\/\",\"url\":\"https:\/\/borco.de\/wp-content\/uploads\/2023\/02\/logo_2020_GOLD_RGB.svg\",\"contentUrl\":\"https:\/\/borco.de\/wp-content\/uploads\/2023\/02\/logo_2020_GOLD_RGB.svg\",\"width\":566,\"height\":566,\"caption\":\"BORCO H\u00d6HNS GmbH\"},\"image\":{\"@id\":\"https:\/\/borco.de\/en\/#\/schema\/logo\/image\/\"},\"sameAs\":[\"https:\/\/www.facebook.com\/borcohoehns\",\"https:\/\/www.instagram.com\/borcohoehns\/\"]}]}<\/script>\n<!-- \/ Yoast SEO plugin. -->","yoast_head_json":{"title":"Company information - BORCO H\u00d6HNS GmbH","robots":{"index":"index","follow":"follow","max-snippet":"max-snippet:-1","max-image-preview":"max-image-preview:large","max-video-preview":"max-video-preview:-1"},"canonical":"https:\/\/borco.de\/en\/company-information\/","og_locale":"en_US","og_type":"article","og_title":"Company information - BORCO H\u00d6HNS GmbH","og_description":"Company information BORCO H\u00d6HNS fact sheet for downloading About BORCO H\u00d6HNS Founded in 1954 as a factory for agricultural and car trailers, BORCO H\u00d6HNS is today the undisputed market leader in mobile sales in Germany. Our sales vehicles and trailers are completely designed and manufactured in our own vehicle factory at the Rotenburg an der [&hellip;]","og_url":"https:\/\/borco.de\/en\/company-information\/","og_site_name":"BORCO H\u00d6HNS GmbH","article_publisher":"https:\/\/www.facebook.com\/borcohoehns","article_modified_time":"2023-07-24T08:44:25+00:00","og_image":[{"width":1920,"height":1080,"url":"https:\/\/borco.de\/wp-content\/uploads\/2023\/04\/Individual_Gefluegel_1920x1080.jpg","type":"image\/jpeg"}],"twitter_card":"summary_large_image","twitter_misc":{"Est. reading time":"1 minute"},"schema":{"@context":"https:\/\/schema.org","@graph":[{"@type":"WebPage","@id":"https:\/\/borco.de\/en\/company-information\/","url":"https:\/\/borco.de\/en\/company-information\/","name":"Company information - BORCO H\u00d6HNS GmbH","isPartOf":{"@id":"https:\/\/borco.de\/en\/#website"},"primaryImageOfPage":{"@id":"https:\/\/borco.de\/en\/company-information\/#primaryimage"},"image":{"@id":"https:\/\/borco.de\/en\/company-information\/#primaryimage"},"thumbnailUrl":"https:\/\/borco.de\/wp-content\/uploads\/2023\/04\/Individual_Gefluegel_1920x1080.jpg","datePublished":"2023-07-18T09:41:52+00:00","dateModified":"2023-07-24T08:44:25+00:00","breadcrumb":{"@id":"https:\/\/borco.de\/en\/company-information\/#breadcrumb"},"inLanguage":"en-US","potentialAction":[{"@type":"ReadAction","target":["https:\/\/borco.de\/en\/company-information\/"]}]},{"@type":"ImageObject","inLanguage":"en-US","@id":"https:\/\/borco.de\/en\/company-information\/#primaryimage","url":"https:\/\/borco.de\/wp-content\/uploads\/2023\/04\/Individual_Gefluegel_1920x1080.jpg","contentUrl":"https:\/\/borco.de\/wp-content\/uploads\/2023\/04\/Individual_Gefluegel_1920x1080.jpg","width":1920,"height":1080},{"@type":"BreadcrumbList","@id":"https:\/\/borco.de\/en\/company-information\/#breadcrumb","itemListElement":[{"@type":"ListItem","position":1,"name":"Home","item":"https:\/\/borco.de\/en\/homepage\/"},{"@type":"ListItem","position":2,"name":"Company information"}]},{"@type":"WebSite","@id":"https:\/\/borco.de\/en\/#website","url":"https:\/\/borco.de\/en\/","name":"BORCO H\u00d6HNS GmbH","description":"","publisher":{"@id":"https:\/\/borco.de\/en\/#organization"},"potentialAction":[{"@type":"SearchAction","target":{"@type":"EntryPoint","urlTemplate":"https:\/\/borco.de\/en\/?s={search_term_string}"},"query-input":{"@type":"PropertyValueSpecification","valueRequired":true,"valueName":"search_term_string"}}],"inLanguage":"en-US"},{"@type":"Organization","@id":"https:\/\/borco.de\/en\/#organization","name":"BORCO H\u00d6HNS GmbH","url":"https:\/\/borco.de\/en\/","logo":{"@type":"ImageObject","inLanguage":"en-US","@id":"https:\/\/borco.de\/en\/#\/schema\/logo\/image\/","url":"https:\/\/borco.de\/wp-content\/uploads\/2023\/02\/logo_2020_GOLD_RGB.svg","contentUrl":"https:\/\/borco.de\/wp-content\/uploads\/2023\/02\/logo_2020_GOLD_RGB.svg","width":566,"height":566,"caption":"BORCO H\u00d6HNS GmbH"},"image":{"@id":"https:\/\/borco.de\/en\/#\/schema\/logo\/image\/"},"sameAs":["https:\/\/www.facebook.com\/borcohoehns","https:\/\/www.instagram.com\/borcohoehns\/"]}]}},"_links":{"self":[{"href":"https:\/\/borco.de\/en\/wp-json\/wp\/v2\/pages\/82451","targetHints":{"allow":["GET"]}}],"collection":[{"href":"https:\/\/borco.de\/en\/wp-json\/wp\/v2\/pages"}],"about":[{"href":"https:\/\/borco.de\/en\/wp-json\/wp\/v2\/types\/page"}],"author":[{"embeddable":true,"href":"https:\/\/borco.de\/en\/wp-json\/wp\/v2\/users\/1"}],"replies":[{"embeddable":true,"href":"https:\/\/borco.de\/en\/wp-json\/wp\/v2\/comments?post=82451"}],"version-history":[{"count":0,"href":"https:\/\/borco.de\/en\/wp-json\/wp\/v2\/pages\/82451\/revisions"}],"wp:featuredmedia":[{"embeddable":true,"href":"https:\/\/borco.de\/en\/wp-json\/wp\/v2\/media\/37828"}],"wp:attachment":[{"href":"https:\/\/borco.de\/en\/wp-json\/wp\/v2\/media?parent=82451"}],"curies":[{"name":"wp","href":"https:\/\/api.w.org\/{rel}","templated":true}]}}